{"id":6608,"date":"2026-03-18T15:21:53","date_gmt":"2026-03-18T15:21:53","guid":{"rendered":"https:\/\/anchorzup1dev.wpenginepowered.com\/?page_id=6608"},"modified":"2026-03-25T14:48:53","modified_gmt":"2026-03-25T14:48:53","slug":"support-solutions","status":"publish","type":"page","link":"https:\/\/anchorzup.com\/de\/support-solutions\/","title":{"rendered":"Support-L\u00f6sungen"},"content":{"rendered":"<div data-elementor-type=\"wp-page\" data-elementor-id=\"6608\" class=\"elementor elementor-6608\" data-elementor-post-type=\"page\">\n\t\t\t\t<div class=\"elementor-element elementor-element-3c15195 e-flex e-con-boxed e-con e-parent\" data-id=\"3c15195\" data-element_type=\"container\" data-e-type=\"container\" data-settings=\"{&quot;background_background&quot;:&quot;classic&quot;}\">\n\t\t\t\t\t<div class=\"e-con-inner\">\n\t\t\t\t<div class=\"elementor-element elementor-element-49a367d elementor-widget elementor-widget-heading\" data-id=\"49a367d\" data-element_type=\"widget\" data-e-type=\"widget\" data-widget_type=\"heading.default\">\n\t\t\t\t<div class=\"elementor-widget-container\">\n\t\t\t\t\t<h1 class=\"elementor-heading-title elementor-size-default\">Support-L\u00f6sungen<\/h1>\t\t\t\t<\/div>\n\t\t\t\t<\/div>\n\t\t\t\t<div class=\"elementor-element elementor-element-618e4b0 elementor-widget__width-initial elementor-widget-tablet__width-inherit elementor-widget elementor-widget-heading\" data-id=\"618e4b0\" data-element_type=\"widget\" data-e-type=\"widget\" data-widget_type=\"heading.default\">\n\t\t\t\t<div class=\"elementor-widget-container\">\n\t\t\t\t\t<h2 class=\"elementor-heading-title elementor-size-default\">Unterst\u00fctzung, die dich begleitet<\/h2>\t\t\t\t<\/div>\n\t\t\t\t<\/div>\n\t\t\t\t<div class=\"elementor-element elementor-element-97e58d0 elementor-widget__width-initial elementor-widget-tablet__width-inherit elementor-widget elementor-widget-text-editor\" data-id=\"97e58d0\" data-element_type=\"widget\" data-e-type=\"widget\" data-widget_type=\"text-editor.default\">\n\t\t\t\t<div class=\"elementor-widget-container\">\n\t\t\t\t\t\t\t\t\t<p>Wir bauen zuverl\u00e4ssige Support-Teams auf und leiten sie, die den Betrieb am Laufen halten und sich nahtlos in deine Abl\u00e4ufe einf\u00fcgen. Du profitierst von Schnelligkeit, Struktur und t\u00e4glicher Best\u00e4ndigkeit \u2013 ganz ohne zus\u00e4tzlichen Aufwand.<\/p>\t\t\t\t\t\t\t\t<\/div>\n\t\t\t\t<\/div>\n\t\t\t\t<div class=\"elementor-element elementor-element-56e28c3 elementor-widget__width-inherit elementor-align-left elementor-tablet-align-center elementor-widget elementor-widget-button\" data-id=\"56e28c3\" data-element_type=\"widget\" data-e-type=\"widget\" data-widget_type=\"button.default\">\n\t\t\t\t<div class=\"elementor-widget-container\">\n\t\t\t\t\t\t\t\t\t<div class=\"elementor-button-wrapper\">\n\t\t\t\t\t<a class=\"elementor-button elementor-button-link elementor-size-sm\" href=\"https:\/\/anchorzup.com\/de\/schedule-a-consultation\/\">\n\t\t\t\t\t\t<span class=\"elementor-button-content-wrapper\">\n\t\t\t\t\t\t<span class=\"elementor-button-icon\">\n\t\t\t\t<svg xmlns=\"http:\/\/www.w3.org\/2000\/svg\" width=\"28\" height=\"18\" viewbox=\"0 0 28 18\" fill=\"none\"><path d=\"M1.18066 7.51498C0.528787 7.51498 0.00033617 8.04344 0.00033617 8.69531C0.00033617 9.34719 0.528787 9.87564 1.18066 9.87564V8.69531V7.51498ZM26.8022 9.52993C27.2631 9.06898 27.2631 8.32164 26.8022 7.86069L19.2906 0.349133C18.8297 -0.111813 18.0823 -0.111813 17.6214 0.349133C17.1604 0.810081 17.1604 1.55742 17.6214 2.01837L24.2983 8.69531L17.6214 15.3723C17.1604 15.8332 17.1604 16.5805 17.6214 17.0415C18.0823 17.5024 18.8297 17.5024 19.2906 17.0415L26.8022 9.52993ZM1.18066 8.69531V9.87564H25.9676V8.69531V7.51498H1.18066V8.69531Z\" fill=\"white\"><\/path><\/svg>\t\t\t<\/span>\n\t\t\t\t\t\t\t\t\t<span class=\"elementor-button-text\">Lass uns \u00fcber deine Bed\u00fcrfnisse sprechen<\/span>\n\t\t\t\t\t<\/span>\n\t\t\t\t\t<\/a>\n\t\t\t\t<\/div>\n\t\t\t\t\t\t\t\t<\/div>\n\t\t\t\t<\/div>\n\t\t\t\t\t<\/div>\n\t\t\t\t<\/div>\n\t\t<div class=\"elementor-element elementor-element-5da4f79 e-flex e-con-boxed e-con e-parent\" data-id=\"5da4f79\" data-element_type=\"container\" data-e-type=\"container\" data-settings=\"{&quot;background_background&quot;:&quot;classic&quot;}\">\n\t\t\t\t\t<div class=\"e-con-inner\">\n\t\t\t\t<div class=\"elementor-element elementor-element-282ecfb elementor-widget__width-inherit elementor-widget-tablet__width-inherit elementor-widget elementor-widget-text-editor\" data-id=\"282ecfb\" data-element_type=\"widget\" data-e-type=\"widget\" data-widget_type=\"text-editor.default\">\n\t\t\t\t<div class=\"elementor-widget-container\">\n\t\t\t\t\t\t\t\t\t<p class=\"translation-block\">Support ist unverzichtbar. Wir sorgen f\u00fcr zufriedene Kunden, funktionierende Systeme und reibungslose Abl\u00e4ufe. W\u00e4hle eine Rolle aus oder stelle ein voll funktionsf\u00e4higes Team zusammen. Wir k\u00fcmmern uns um die Personalbeschaffung, die Tools, die Einarbeitung und das t\u00e4gliche Management. Du <span style=\"color: #ae97d4\"><strong>konzentrierst dich auf das Wesentliche<\/strong><\/span>. Wir <span style=\"color: #ae97d4\"><strong>sorgen daf\u00fcr, dass alles l\u00e4uft<\/strong><\/span>.<\/p>\t\t\t\t\t\t\t\t<\/div>\n\t\t\t\t<\/div>\n\t\t\t\t\t<\/div>\n\t\t\t\t<\/div>\n\t\t<div class=\"elementor-element elementor-element-ca279c0 e-flex e-con-boxed e-con e-parent\" data-id=\"ca279c0\" data-element_type=\"container\" data-e-type=\"container\">\n\t\t\t\t\t<div class=\"e-con-inner\">\n\t\t<div class=\"elementor-element elementor-element-73357d3 e-con-full e-flex e-con e-child\" data-id=\"73357d3\" data-element_type=\"container\" data-e-type=\"container\">\n\t\t\t\t<div class=\"elementor-element elementor-element-7ac222a elementor-widget__width-initial elementor-widget-tablet__width-inherit elementor-widget-mobile__width-inherit elementor-widget elementor-widget-heading\" data-id=\"7ac222a\" data-element_type=\"widget\" data-e-type=\"widget\" data-widget_type=\"heading.default\">\n\t\t\t\t<div class=\"elementor-widget-container\">\n\t\t\t\t\t<h2 class=\"elementor-heading-title elementor-size-default\">Arten von Support-L\u00f6sungen\nAnchorzUp bietet<\/h2>\t\t\t\t<\/div>\n\t\t\t\t<\/div>\n\t\t\t\t<\/div>\n\t\t<div class=\"elementor-element elementor-element-b99b84b e-con-full e-flex e-con e-child\" data-id=\"b99b84b\" data-element_type=\"container\" data-e-type=\"container\">\n\t\t\t\t<div class=\"elementor-element elementor-element-0fd07fc elementor-widget__width-initial elementor-widget elementor-widget-text-editor\" data-id=\"0fd07fc\" data-element_type=\"widget\" data-e-type=\"widget\" data-widget_type=\"text-editor.default\">\n\t\t\t\t<div class=\"elementor-widget-container\">\n\t\t\t\t\t\t\t\t\t<p>01<\/p>\t\t\t\t\t\t\t\t<\/div>\n\t\t\t\t<\/div>\n\t\t<div class=\"elementor-element elementor-element-15e0567 e-con-full e-flex e-con e-child\" data-id=\"15e0567\" data-element_type=\"container\" data-e-type=\"container\">\n\t\t\t\t<div class=\"elementor-element elementor-element-cb6c8f8 elementor-widget elementor-widget-heading\" data-id=\"cb6c8f8\" data-element_type=\"widget\" data-e-type=\"widget\" data-widget_type=\"heading.default\">\n\t\t\t\t<div class=\"elementor-widget-container\">\n\t\t\t\t\t<h3 class=\"elementor-heading-title elementor-size-default\">Kundensupport<\/h3>\t\t\t\t<\/div>\n\t\t\t\t<\/div>\n\t\t\t\t<div class=\"elementor-element elementor-element-ddf8275 elementor-widget elementor-widget-text-editor\" data-id=\"ddf8275\" data-element_type=\"widget\" data-e-type=\"widget\" data-widget_type=\"text-editor.default\">\n\t\t\t\t<div class=\"elementor-widget-container\">\n\t\t\t\t\t\t\t\t\t<p>Unsere Support-Teams k\u00fcmmern sich um die Kommunikation dort, wo sie stattfindet: im Live-Chat, per E-Mail und \u00fcber Ticket-Plattformen. Wir \u00fcbernehmen die Einrichtung, die Skripte, die Arbeitsabl\u00e4ufe und die t\u00e4glichen Antworten, damit deine Kunden stets schnelle, einheitliche und markengerechte Hilfe erhalten. Du konzentrierst dich auf das Wachstum, wir sorgen f\u00fcr hohe Zufriedenheit.<\/p>\t\t\t\t\t\t\t\t<\/div>\n\t\t\t\t<\/div>\n\t\t<div class=\"elementor-element elementor-element-cf58027 e-con-full e-flex e-con e-child\" data-id=\"cf58027\" data-element_type=\"container\" data-e-type=\"container\">\n\t\t\t\t<div class=\"elementor-element elementor-element-7c1c35a elementor-widget__width-auto elementor-widget-mobile__width-inherit elementor-widget elementor-widget-text-editor\" data-id=\"7c1c35a\" data-element_type=\"widget\" data-e-type=\"widget\" data-widget_type=\"text-editor.default\">\n\t\t\t\t<div class=\"elementor-widget-container\">\n\t\t\t\t\t\t\t\t\t<p><span style=\"font-weight: 400;\">Ideal f\u00fcr:<\/span><\/p>\t\t\t\t\t\t\t\t<\/div>\n\t\t\t\t<\/div>\n\t\t\t\t<div class=\"elementor-element elementor-element-d0cd5bc elementor-widget__width-auto elementor-widget elementor-widget-text-editor\" data-id=\"d0cd5bc\" data-element_type=\"widget\" data-e-type=\"widget\" data-widget_type=\"text-editor.default\">\n\t\t\t\t<div class=\"elementor-widget-container\">\n\t\t\t\t\t\t\t\t\t<p>Unternehmen, die eine schnelle, freundliche und einheitliche Kundenkommunikation pflegen m\u00f6chten.<\/p>\t\t\t\t\t\t\t\t<\/div>\n\t\t\t\t<\/div>\n\t\t\t\t<\/div>\n\t\t\t\t<\/div>\n\t\t\t\t<\/div>\n\t\t<div class=\"elementor-element elementor-element-accef36 e-con-full e-flex e-con e-child\" data-id=\"accef36\" data-element_type=\"container\" data-e-type=\"container\">\n\t\t\t\t<div class=\"elementor-element elementor-element-2552c99 elementor-widget__width-initial elementor-widget elementor-widget-text-editor\" data-id=\"2552c99\" data-element_type=\"widget\" data-e-type=\"widget\" data-widget_type=\"text-editor.default\">\n\t\t\t\t<div class=\"elementor-widget-container\">\n\t\t\t\t\t\t\t\t\t<p>02<\/p>\t\t\t\t\t\t\t\t<\/div>\n\t\t\t\t<\/div>\n\t\t<div class=\"elementor-element elementor-element-181822c e-con-full e-flex e-con e-child\" data-id=\"181822c\" data-element_type=\"container\" data-e-type=\"container\">\n\t\t\t\t<div class=\"elementor-element elementor-element-460880d elementor-widget elementor-widget-heading\" data-id=\"460880d\" data-element_type=\"widget\" data-e-type=\"widget\" data-widget_type=\"heading.default\">\n\t\t\t\t<div class=\"elementor-widget-container\">\n\t\t\t\t\t<h3 class=\"elementor-heading-title elementor-size-default\">Technischer Support<\/h3>\t\t\t\t<\/div>\n\t\t\t\t<\/div>\n\t\t\t\t<div class=\"elementor-element elementor-element-362f9bf elementor-widget elementor-widget-text-editor\" data-id=\"362f9bf\" data-element_type=\"widget\" data-e-type=\"widget\" data-widget_type=\"text-editor.default\">\n\t\t\t\t<div class=\"elementor-widget-container\">\n\t\t\t\t\t\t\t\t\t<p>Unsere Mitarbeiter im technischen Support k\u00fcmmern sich um die Erstdiagnose, die Fehlerbehebung bei Produkten und die strukturierte Eskalation, damit sich deine Ingenieure auf die Entwicklung konzentrieren k\u00f6nnen, statt Tickets hinterherzujagen. Wir wandeln Nutzerprobleme in klare, umsetzbare Berichte um, die Verbesserungen vorantreiben, statt Verz\u00f6gerungen zu verursachen.<\/p>\t\t\t\t\t\t\t\t<\/div>\n\t\t\t\t<\/div>\n\t\t<div class=\"elementor-element elementor-element-ff2ad23 e-con-full e-flex e-con e-child\" data-id=\"ff2ad23\" data-element_type=\"container\" data-e-type=\"container\">\n\t\t\t\t<div class=\"elementor-element elementor-element-3ebd132 elementor-widget__width-auto elementor-widget-mobile__width-inherit elementor-widget elementor-widget-text-editor\" data-id=\"3ebd132\" data-element_type=\"widget\" data-e-type=\"widget\" data-widget_type=\"text-editor.default\">\n\t\t\t\t<div class=\"elementor-widget-container\">\n\t\t\t\t\t\t\t\t\t<p><span style=\"font-weight: 400;\">Ideal f\u00fcr:<\/span><\/p>\t\t\t\t\t\t\t\t<\/div>\n\t\t\t\t<\/div>\n\t\t\t\t<div class=\"elementor-element elementor-element-9190786 elementor-widget__width-auto elementor-widget elementor-widget-text-editor\" data-id=\"9190786\" data-element_type=\"widget\" data-e-type=\"widget\" data-widget_type=\"text-editor.default\">\n\t\t\t\t<div class=\"elementor-widget-container\">\n\t\t\t\t\t\t\t\t\t<p><span style=\"font-weight: 400;\">SaaS-Plattformen, Produktteams, die zuverl\u00e4ssigen technischen Support f\u00fcr Endkunden ben\u00f6tigen<\/span>.<\/p>\t\t\t\t\t\t\t\t<\/div>\n\t\t\t\t<\/div>\n\t\t\t\t<\/div>\n\t\t\t\t<\/div>\n\t\t\t\t<\/div>\n\t\t<div class=\"elementor-element elementor-element-382f267 e-con-full e-flex e-con e-child\" data-id=\"382f267\" data-element_type=\"container\" data-e-type=\"container\">\n\t\t\t\t<div class=\"elementor-element elementor-element-25703c4 elementor-widget__width-initial elementor-widget elementor-widget-text-editor\" data-id=\"25703c4\" data-element_type=\"widget\" data-e-type=\"widget\" data-widget_type=\"text-editor.default\">\n\t\t\t\t<div class=\"elementor-widget-container\">\n\t\t\t\t\t\t\t\t\t<p>03<\/p>\t\t\t\t\t\t\t\t<\/div>\n\t\t\t\t<\/div>\n\t\t<div class=\"elementor-element elementor-element-c108af4 e-con-full e-flex e-con e-child\" data-id=\"c108af4\" data-element_type=\"container\" data-e-type=\"container\">\n\t\t\t\t<div class=\"elementor-element elementor-element-a25507f elementor-widget elementor-widget-heading\" data-id=\"a25507f\" data-element_type=\"widget\" data-e-type=\"widget\" data-widget_type=\"heading.default\">\n\t\t\t\t<div class=\"elementor-widget-container\">\n\t\t\t\t\t<h3 class=\"elementor-heading-title elementor-size-default\">Backoffice &amp; administrative Unterst\u00fctzung<\/h3>\t\t\t\t<\/div>\n\t\t\t\t<\/div>\n\t\t\t\t<div class=\"elementor-element elementor-element-240d698 elementor-widget elementor-widget-text-editor\" data-id=\"240d698\" data-element_type=\"widget\" data-e-type=\"widget\" data-widget_type=\"text-editor.default\">\n\t\t\t\t<div class=\"elementor-widget-container\">\n\t\t\t\t\t\t\t\t\t<p>Unsere Teams \u00fcbernehmen die operativen und administrativen Aufgaben, die dich ausbremsen: Dateneingabe, Terminplanung, Rechnungsstellung, Dokumentenmanagement und vieles mehr. Von virtuellen Assistenten bis hin zu spezialisierten Verwaltungsaufgaben \u2013 wir helfen dir dabei, dich auf die Arbeit zu konzentrieren, die wirklich Ergebnisse bringt.<\/p>\t\t\t\t\t\t\t\t<\/div>\n\t\t\t\t<\/div>\n\t\t<div class=\"elementor-element elementor-element-6c18d69 e-con-full e-flex e-con e-child\" data-id=\"6c18d69\" data-element_type=\"container\" data-e-type=\"container\">\n\t\t\t\t<div class=\"elementor-element elementor-element-95c306a elementor-widget__width-auto elementor-widget-mobile__width-inherit elementor-widget elementor-widget-text-editor\" data-id=\"95c306a\" data-element_type=\"widget\" data-e-type=\"widget\" data-widget_type=\"text-editor.default\">\n\t\t\t\t<div class=\"elementor-widget-container\">\n\t\t\t\t\t\t\t\t\t<p><span style=\"font-weight: 400;\">Ideal f\u00fcr:<\/span><\/p>\t\t\t\t\t\t\t\t<\/div>\n\t\t\t\t<\/div>\n\t\t\t\t<div class=\"elementor-element elementor-element-eff26e9 elementor-widget__width-auto elementor-widget elementor-widget-text-editor\" data-id=\"eff26e9\" data-element_type=\"widget\" data-e-type=\"widget\" data-widget_type=\"text-editor.default\">\n\t\t\t\t<div class=\"elementor-widget-container\">\n\t\t\t\t\t\t\t\t\t<p>Companies offloading operational tasks without sacrificing quality or speed.<\/p>\t\t\t\t\t\t\t\t<\/div>\n\t\t\t\t<\/div>\n\t\t\t\t<\/div>\n\t\t\t\t<\/div>\n\t\t\t\t<\/div>\n\t\t\t\t<div class=\"elementor-element elementor-element-665b7e3 elementor-align-left elementor-widget elementor-widget-button\" data-id=\"665b7e3\" data-element_type=\"widget\" data-e-type=\"widget\" data-widget_type=\"button.default\">\n\t\t\t\t<div class=\"elementor-widget-container\">\n\t\t\t\t\t\t\t\t\t<div class=\"elementor-button-wrapper\">\n\t\t\t\t\t<a class=\"elementor-button elementor-button-link elementor-size-sm\" href=\"#elementor-action%3Aaction%3Dpopup%3Aopen%26settings%3DeyJpZCI6IjU1MDIiLCJ0b2dnbGUiOmZhbHNlfQ%3D%3D\">\n\t\t\t\t\t\t<span class=\"elementor-button-content-wrapper\">\n\t\t\t\t\t\t\t\t\t<span class=\"elementor-button-text\">Beratung Buchen<\/span>\n\t\t\t\t\t<\/span>\n\t\t\t\t\t<\/a>\n\t\t\t\t<\/div>\n\t\t\t\t\t\t\t\t<\/div>\n\t\t\t\t<\/div>\n\t\t\t\t\t<\/div>\n\t\t\t\t<\/div>\n\t\t<div class=\"elementor-element elementor-element-06fb152 e-flex e-con-boxed e-con e-parent\" data-id=\"06fb152\" data-element_type=\"container\" data-e-type=\"container\" data-settings=\"{&quot;background_background&quot;:&quot;classic&quot;}\">\n\t\t\t\t\t<div class=\"e-con-inner\">\n\t\t\t\t<div class=\"elementor-element elementor-element-d3d68d4 elementor-widget elementor-widget-heading\" data-id=\"d3d68d4\" data-element_type=\"widget\" data-e-type=\"widget\" data-widget_type=\"heading.default\">\n\t\t\t\t<div class=\"elementor-widget-container\">\n\t\t\t\t\t<h2 class=\"elementor-heading-title elementor-size-default\">Was Sie bei uns erhalten<\/h2>\t\t\t\t<\/div>\n\t\t\t\t<\/div>\n\t\t<div class=\"elementor-element elementor-element-8b9b363 e-grid e-con-full e-con e-child\" data-id=\"8b9b363\" data-element_type=\"container\" data-e-type=\"container\">\n\t\t\t\t<div class=\"elementor-element elementor-element-28576fa elementor-widget elementor-widget-text-editor\" data-id=\"28576fa\" data-element_type=\"widget\" data-e-type=\"widget\" data-widget_type=\"text-editor.default\">\n\t\t\t\t<div class=\"elementor-widget-container\">\n\t\t\t\t\t\t\t\t\t<p>Teams, die sich schnell einfinden und konstant gute Leistungen bringen<\/p>\t\t\t\t\t\t\t\t<\/div>\n\t\t\t\t<\/div>\n\t\t\t\t<div class=\"elementor-element elementor-element-a940243 elementor-widget elementor-widget-text-editor\" data-id=\"a940243\" data-element_type=\"widget\" data-e-type=\"widget\" data-widget_type=\"text-editor.default\">\n\t\t\t\t<div class=\"elementor-widget-container\">\n\t\t\t\t\t\t\t\t\t<p>Eindeutige Einarbeitung, Standardarbeitsanweisungen und Einrichtung der Tools<\/p>\t\t\t\t\t\t\t\t<\/div>\n\t\t\t\t<\/div>\n\t\t\t\t<div class=\"elementor-element elementor-element-02dee6d elementor-widget elementor-widget-text-editor\" data-id=\"02dee6d\" data-element_type=\"widget\" data-e-type=\"widget\" data-widget_type=\"text-editor.default\">\n\t\t\t\t<div class=\"elementor-widget-container\">\n\t\t\t\t\t\t\t\t\t<p>Umfassende Verwaltung und Leistungs\u00fcberwachung<\/p>\t\t\t\t\t\t\t\t<\/div>\n\t\t\t\t<\/div>\n\t\t\t\t<div class=\"elementor-element elementor-element-f8ca6a9 elementor-widget elementor-widget-text-editor\" data-id=\"f8ca6a9\" data-element_type=\"widget\" data-e-type=\"widget\" data-widget_type=\"text-editor.default\">\n\t\t\t\t<div class=\"elementor-widget-container\">\n\t\t\t\t\t\t\t\t\t<p>Transparente Berichterstattung und KPI-\u00dcberwachung<\/p>\t\t\t\t\t\t\t\t<\/div>\n\t\t\t\t<\/div>\n\t\t\t\t<\/div>\n\t\t<div class=\"elementor-element elementor-element-582ff6a e-con-full e-flex e-con e-child\" data-id=\"582ff6a\" data-element_type=\"container\" data-e-type=\"container\" data-settings=\"{&quot;background_background&quot;:&quot;gradient&quot;}\">\n\t\t\t\t<div class=\"elementor-element elementor-element-00132d4 elementor-widget elementor-widget-heading\" data-id=\"00132d4\" data-element_type=\"widget\" data-e-type=\"widget\" data-widget_type=\"heading.default\">\n\t\t\t\t<div class=\"elementor-widget-container\">\n\t\t\t\t\t<h2 class=\"elementor-heading-title elementor-size-default\">Lass uns eine L\u00f6sung entwickeln, die dich in Bewegung h\u00e4lt!<\/h2>\t\t\t\t<\/div>\n\t\t\t\t<\/div>\n\t\t\t\t<div class=\"elementor-element elementor-element-e183498 elementor-widget__width-initial elementor-widget elementor-widget-text-editor\" data-id=\"e183498\" data-element_type=\"widget\" data-e-type=\"widget\" data-widget_type=\"text-editor.default\">\n\t\t\t\t<div class=\"elementor-widget-container\">\n\t\t\t\t\t\t\t\t\t<p>Fang mit einer einzigen Rolle an oder entwirf ein umfassendes Support-Konzept. Wir helfen dir dabei, die richtige Struktur aufzubauen, die bereit ist zu wachsen, sobald du es bist.<\/p>\t\t\t\t\t\t\t\t<\/div>\n\t\t\t\t<\/div>\n\t\t\t\t<div class=\"elementor-element elementor-element-fbc81a5 elementor-align-center elementor-widget elementor-widget-button\" data-id=\"fbc81a5\" data-element_type=\"widget\" data-e-type=\"widget\" data-widget_type=\"button.default\">\n\t\t\t\t<div class=\"elementor-widget-container\">\n\t\t\t\t\t\t\t\t\t<div class=\"elementor-button-wrapper\">\n\t\t\t\t\t<a class=\"elementor-button elementor-button-link elementor-size-sm\" href=\"#elementor-action%3Aaction%3Dpopup%3Aopen%26settings%3DeyJpZCI6IjU1MDIiLCJ0b2dnbGUiOmZhbHNlfQ%3D%3D\">\n\t\t\t\t\t\t<span class=\"elementor-button-content-wrapper\">\n\t\t\t\t\t\t\t\t\t<span class=\"elementor-button-text\">Entdeckungsgespr\u00e4ch vereinbaren<\/span>\n\t\t\t\t\t<\/span>\n\t\t\t\t\t<\/a>\n\t\t\t\t<\/div>\n\t\t\t\t\t\t\t\t<\/div>\n\t\t\t\t<\/div>\n\t\t\t\t<\/div>\n\t\t\t\t\t<\/div>\n\t\t\t\t<\/div>\n\t\t\t\t<\/div>","protected":false},"excerpt":{"rendered":"<p>Support Solutions Support that runs with you We build and manage reliable support teams that keep things moving and are ready to plug into your operations. You get speed, structure, and daily consistency without the overhead. Let&#8217;s Discuss Your Needs Support is essential. We keep customers happy, systems active, and operations on track. Choose one [&hellip;]<\/p>\n","protected":false},"author":3,"featured_media":0,"parent":0,"menu_order":0,"comment_status":"closed","ping_status":"closed","template":"","meta":{"content-type":"","footnotes":""},"class_list":["post-6608","page","type-page","status-publish","hentry"],"_links":{"self":[{"href":"https:\/\/anchorzup.com\/de\/wp-json\/wp\/v2\/pages\/6608","targetHints":{"allow":["GET"]}}],"collection":[{"href":"https:\/\/anchorzup.com\/de\/wp-json\/wp\/v2\/pages"}],"about":[{"href":"https:\/\/anchorzup.com\/de\/wp-json\/wp\/v2\/types\/page"}],"author":[{"embeddable":true,"href":"https:\/\/anchorzup.com\/de\/wp-json\/wp\/v2\/users\/3"}],"replies":[{"embeddable":true,"href":"https:\/\/anchorzup.com\/de\/wp-json\/wp\/v2\/comments?post=6608"}],"version-history":[{"count":0,"href":"https:\/\/anchorzup.com\/de\/wp-json\/wp\/v2\/pages\/6608\/revisions"}],"wp:attachment":[{"href":"https:\/\/anchorzup.com\/de\/wp-json\/wp\/v2\/media?parent=6608"}],"curies":[{"name":"wp","href":"https:\/\/api.w.org\/{rel}","templated":true}]}}