{"id":5800,"date":"2025-02-11T12:38:20","date_gmt":"2025-02-11T12:38:20","guid":{"rendered":"https:\/\/anchorzup.com\/?page_id=5800"},"modified":"2025-10-31T09:34:25","modified_gmt":"2025-10-31T09:34:25","slug":"ims-policy-statement","status":"publish","type":"page","link":"https:\/\/anchorzup.com\/de\/ims-policy-statement\/","title":{"rendered":"IMS-Erkl\u00e4rung"},"content":{"rendered":"<div data-elementor-type=\"wp-page\" data-elementor-id=\"5800\" class=\"elementor elementor-5800\" data-elementor-post-type=\"page\">\n\t\t\t\t<div class=\"elementor-element elementor-element-48a2549 e-ecs-flex e-flex e-con-boxed e-con e-parent\" data-id=\"48a2549\" data-element_type=\"container\" data-e-type=\"container\" data-settings=\"{&quot;ecs_container_type&quot;:&quot;flex&quot;}\">\n\t\t\t\t\t<div class=\"e-con-inner\">\n\t\t\t\t<div class=\"elementor-element elementor-element-1c437bd elementor-widget__width-inherit elementor-widget elementor-widget-heading\" data-id=\"1c437bd\" data-element_type=\"widget\" data-e-type=\"widget\" data-widget_type=\"heading.default\">\n\t\t\t\t\t<h1 class=\"elementor-heading-title elementor-size-default\">Qualit\u00e4ts- und Informationssicherheitsrichtlinie des Unternehmens\n<\/h1>\t\t\t\t<\/div>\n\t\t\t\t<div class=\"elementor-element elementor-element-e337291 elementor-widget__width-inherit elementor-widget elementor-widget-text-editor\" data-id=\"e337291\" data-element_type=\"widget\" data-e-type=\"widget\" data-widget_type=\"text-editor.default\">\n\t\t\t\t\t\t\t\t\t<p><span style=\"font-weight: 300;\">At AnchorzUp, we are committed to providing the highest quality services while ensuring the confidentiality, integrity, and availability of all information. This policy outlines our commitment to implementing and maintaining an Integrated Management System (IMS) that conforms to the requirements of <a href=\"https:\/\/anchorzup.com\/wp-content\/uploads\/2025\/05\/ISO-9001-2015-CERTIFICATE-ANCHORZUP-EN-DE.pdf\" target=\"_blank\" rel=\"noopener\">ISO 9001:2015<\/a> und <a href=\"https:\/\/anchorzup.com\/wp-content\/uploads\/2025\/05\/ISO-IEC-27001-2022-CERTIFICATE-ANCHORZUP.pdf\" target=\"_blank\" rel=\"noopener\">ISO 27001:2022.\u00a0<\/a><\/span><\/p><p><span style=\"font-weight: 300;\">Diese Richtlinie gibt den Rahmen vor f\u00fcr:<\/span><\/p><ul><li style=\"font-weight: 300;\" aria-level=\"1\"><span style=\"font-weight: 300;\">Wir wollen, dass unsere Kunden super zufrieden sind, indem wir ihre Bed\u00fcrfnisse und Erwartungen verstehen und erf\u00fcllen.<\/span><\/li><li style=\"font-weight: 300;\" aria-level=\"1\"><span style=\"font-weight: 300;\">Wir machen unsere Gesch\u00e4ftsprozesse immer effizienter und effektiver.<\/span><\/li><li style=\"font-weight: 300;\" aria-level=\"1\"><span style=\"font-weight: 300;\">Eine qualifizierte und motivierte Belegschaft aufbauen und halten.<\/span><\/li><li style=\"font-weight: 300;\" aria-level=\"1\"><span style=\"font-weight: 300;\">Einhaltung aller geltenden gesetzlichen, beh\u00f6rdlichen und vertraglichen Anforderungen.<\/span><\/li><li style=\"font-weight: 300;\" aria-level=\"1\"><span style=\"font-weight: 300;\">Ein robustes Risikomanagementprogramm einrichten und pflegen, um Qualit\u00e4tsrisiken, Chancen, Bedrohungen f\u00fcr die Informationssicherheit und Schwachstellen anzugehen.<\/span><\/li><li style=\"font-weight: 300;\" aria-level=\"1\"><span style=\"font-weight: 300;\">Wir machen regelm\u00e4\u00dfig interne und externe Audits und \u00dcberpr\u00fcfungen, um zu sehen, wie gut unser IMS funktioniert.<\/span><\/li><li style=\"font-weight: 300;\" aria-level=\"1\"><span style=\"font-weight: 300;\">Wir machen unser IMS immer besser durch Feedback, Erfahrungen und Management-\u00dcberpr\u00fcfungen.<\/span><\/li><\/ul><p><span style=\"font-weight: 300;\"><br \/>Diese Richtlinie hilft dabei, bestimmte Ziele in Sachen Qualit\u00e4t und Informationssicherheit festzulegen und zu erreichen.<\/span><\/p><p><span style=\"font-weight: 300;\">Wir setzen uns f\u00fcr die effektive Umsetzung und st\u00e4ndige Verbesserung des IMS ein.\u00a0<\/span><\/p><p><span style=\"font-weight: 300;\">Diese Richtlinie wird allen Mitarbeitern von AnchorzUp mitgeteilt, um sicherzustellen, dass alle unsere Qualit\u00e4ts- und Informationssicherheitsziele verstehen. Wir f\u00f6rdern eine Kultur des Qualit\u00e4ts- und Informationssicherheitsbewusstseins, in der jeder Mitarbeiter seine Rolle bei der Erreichung unserer Qualit\u00e4ts- und Informationssicherheitsziele versteht.<\/span><\/p><p><span style=\"font-weight: 300;\">Diese Richtlinie wird regelm\u00e4\u00dfig \u00fcberpr\u00fcft und aktualisiert, um sicherzustellen, dass sie immer noch passt und gut funktioniert.<\/span><\/p><p><span style=\"font-weight: 300;\">10. Oktober 2024<\/span><\/p>\t\t\t\t\t\t\t\t<\/div>\n\t\t\t\t\t<\/div>\n\t\t\t\t<\/div>\n\t\t\t\t<\/div>","protected":false},"excerpt":{"rendered":"<p>Company Quality and Information Security Policy Statement At AnchorzUp, we are committed to providing the highest quality services while ensuring the confidentiality, integrity, and availability of all information. This policy outlines our commitment to implementing and maintaining an Integrated Management System (IMS) that conforms to the requirements of ISO 9001:2015 and ISO 27001:2022.\u00a0 This policy [&hellip;]<\/p>\n","protected":false},"author":3,"featured_media":0,"parent":0,"menu_order":0,"comment_status":"closed","ping_status":"closed","template":"","meta":{"content-type":"","footnotes":""},"class_list":["post-5800","page","type-page","status-publish","hentry"],"_links":{"self":[{"href":"https:\/\/anchorzup.com\/de\/wp-json\/wp\/v2\/pages\/5800","targetHints":{"allow":["GET"]}}],"collection":[{"href":"https:\/\/anchorzup.com\/de\/wp-json\/wp\/v2\/pages"}],"about":[{"href":"https:\/\/anchorzup.com\/de\/wp-json\/wp\/v2\/types\/page"}],"author":[{"embeddable":true,"href":"https:\/\/anchorzup.com\/de\/wp-json\/wp\/v2\/users\/3"}],"replies":[{"embeddable":true,"href":"https:\/\/anchorzup.com\/de\/wp-json\/wp\/v2\/comments?post=5800"}],"version-history":[{"count":0,"href":"https:\/\/anchorzup.com\/de\/wp-json\/wp\/v2\/pages\/5800\/revisions"}],"wp:attachment":[{"href":"https:\/\/anchorzup.com\/de\/wp-json\/wp\/v2\/media?parent=5800"}],"curies":[{"name":"wp","href":"https:\/\/api.w.org\/{rel}","templated":true}]}}