{"id":5694,"date":"2024-11-12T09:10:38","date_gmt":"2024-11-12T09:10:38","guid":{"rendered":"https:\/\/anchorzup.com\/?page_id=5694"},"modified":"2026-02-02T08:52:14","modified_gmt":"2026-02-02T08:52:14","slug":"book-a-call","status":"publish","type":"page","link":"https:\/\/anchorzup.com\/de\/book-a-call\/","title":{"rendered":"Gespr\u00e4ch buchen"},"content":{"rendered":"<div data-elementor-type=\"wp-page\" data-elementor-id=\"5694\" class=\"elementor elementor-5694\" data-elementor-post-type=\"page\">\n\t\t\t\t<div class=\"elementor-element elementor-element-2764a08f e-flex e-con-boxed e-con e-parent\" data-id=\"2764a08f\" data-element_type=\"container\" data-e-type=\"container\">\n\t\t\t\t\t<div class=\"e-con-inner\">\n\t\t<div class=\"elementor-element elementor-element-4dadb8a e-con-full e-flex e-con e-child\" data-id=\"4dadb8a\" data-element_type=\"container\" data-e-type=\"container\">\n\t\t\t\t<div class=\"elementor-element elementor-element-184f98d5 elementor-widget elementor-widget-heading\" data-id=\"184f98d5\" data-element_type=\"widget\" data-e-type=\"widget\" data-widget_type=\"heading.default\">\n\t\t\t\t<div class=\"elementor-widget-container\">\n\t\t\t\t\t<h1 class=\"elementor-heading-title elementor-size-default\">Lassen Sie uns \u00fcber Ihr Gesch\u00e4ft sprechen.<\/h1>\t\t\t\t<\/div>\n\t\t\t\t<\/div>\n\t\t\t\t<div class=\"elementor-element elementor-element-ff2ec70 elementor-widget__width-initial elementor-widget-tablet__width-initial elementor-widget-mobile__width-inherit elementor-widget elementor-widget-text-editor\" data-id=\"ff2ec70\" data-element_type=\"widget\" data-e-type=\"widget\" data-widget_type=\"text-editor.default\">\n\t\t\t\t<div class=\"elementor-widget-container\">\n\t\t\t\t\t\t\t\t\t<p>Vereinbaren Sie einen Beratungstermin, um mehr \u00fcber unsere L\u00f6sungen und deren Vorteile f\u00fcr Ihr Unternehmen zu erfahren.<\/p>\t\t\t\t\t\t\t\t<\/div>\n\t\t\t\t<\/div>\n\t\t\t\t<div class=\"elementor-element elementor-element-221609c7 elementor-widget elementor-widget-html\" data-id=\"221609c7\" data-element_type=\"widget\" data-e-type=\"widget\" data-widget_type=\"html.default\">\n\t\t\t\t<div class=\"elementor-widget-container\">\n\t\t\t\t\t<!-- Calendly inline widget begin -->\n<div class=\"calendly-inline-widget\" data-url=\"https:\/\/calendly.com\/jetazag\/discovery-call\" style=\"width:100%;height:100vh;\"><\/div>\n<script type=\"text\/javascript\" src=\"https:\/\/assets.calendly.com\/assets\/external\/widget.js\" async><\/script>\n<!-- Calendly inline widget end -->\t\t\t\t<\/div>\n\t\t\t\t<\/div>\n\t\t\t\t<\/div>\n\t\t\t\t\t<\/div>\n\t\t\t\t<\/div>\n\t\t\t\t<\/div>","protected":false},"excerpt":{"rendered":"<p>Let&#8217;s talk about your business Schedule a consultation call to learn more about our solutions and how they can benefit your business.<\/p>","protected":false},"author":3,"featured_media":5697,"parent":0,"menu_order":0,"comment_status":"closed","ping_status":"closed","template":"elementor_theme","meta":{"content-type":"","footnotes":""},"class_list":["post-5694","page","type-page","status-publish","has-post-thumbnail","hentry"],"_links":{"self":[{"href":"https:\/\/anchorzup.com\/de\/wp-json\/wp\/v2\/pages\/5694","targetHints":{"allow":["GET"]}}],"collection":[{"href":"https:\/\/anchorzup.com\/de\/wp-json\/wp\/v2\/pages"}],"about":[{"href":"https:\/\/anchorzup.com\/de\/wp-json\/wp\/v2\/types\/page"}],"author":[{"embeddable":true,"href":"https:\/\/anchorzup.com\/de\/wp-json\/wp\/v2\/users\/3"}],"replies":[{"embeddable":true,"href":"https:\/\/anchorzup.com\/de\/wp-json\/wp\/v2\/comments?post=5694"}],"version-history":[{"count":0,"href":"https:\/\/anchorzup.com\/de\/wp-json\/wp\/v2\/pages\/5694\/revisions"}],"wp:featuredmedia":[{"embeddable":true,"href":"https:\/\/anchorzup.com\/de\/wp-json\/wp\/v2\/media\/5697"}],"wp:attachment":[{"href":"https:\/\/anchorzup.com\/de\/wp-json\/wp\/v2\/media?parent=5694"}],"curies":[{"name":"wp","href":"https:\/\/api.w.org\/{rel}","templated":true}]}}