{"id":5509,"date":"2024-08-03T16:55:07","date_gmt":"2024-08-03T16:55:07","guid":{"rendered":"https:\/\/anchorzup.com\/?page_id=5509"},"modified":"2025-04-14T08:09:36","modified_gmt":"2025-04-14T08:09:36","slug":"outsourcing-ebook","status":"publish","type":"page","link":"https:\/\/anchorzup.com\/de\/outsourcing-ebook\/","title":{"rendered":"Outsourcing eBook"},"content":{"rendered":"<div data-elementor-type=\"wp-page\" data-elementor-id=\"5509\" class=\"elementor elementor-5509\" data-elementor-post-type=\"page\">\n\t\t\t\t\t\t<section class=\"elementor-section elementor-top-section elementor-element elementor-element-5905bfd elementor-section-height-min-height elementor-section-items-bottom elementor-section-boxed elementor-section-height-default\" data-id=\"5905bfd\" data-element_type=\"section\" data-e-type=\"section\" data-settings=\"{&quot;background_background&quot;:&quot;classic&quot;}\">\n\t\t\t\t\t\t<div class=\"elementor-container elementor-column-gap-default\">\n\t\t\t\t\t<div class=\"elementor-column elementor-col-100 elementor-top-column elementor-element elementor-element-fa1069d\" data-id=\"fa1069d\" data-element_type=\"column\" data-e-type=\"column\" data-settings=\"{&quot;background_background&quot;:&quot;gradient&quot;}\">\n\t\t\t<div class=\"elementor-widget-wrap elementor-element-populated\">\n\t\t\t\t\t\t<div class=\"elementor-element elementor-element-27bc507 elementor-widget elementor-widget-heading\" data-id=\"27bc507\" data-element_type=\"widget\" data-e-type=\"widget\" data-widget_type=\"heading.default\">\n\t\t\t\t<div class=\"elementor-widget-container\">\n\t\t\t\t\t<h1 class=\"elementor-heading-title elementor-size-default\">Die Vorteile des Outsourcings nach Kosovo<\/h1>\t\t\t\t<\/div>\n\t\t\t\t<\/div>\n\t\t\t\t<div class=\"elementor-element elementor-element-40535371 elementor-widget__width-initial elementor-widget-tablet__width-inherit elementor-widget elementor-widget-text-editor\" data-id=\"40535371\" data-element_type=\"widget\" data-e-type=\"widget\" data-widget_type=\"text-editor.default\">\n\t\t\t\t<div class=\"elementor-widget-container\">\n\t\t\t\t\t\t\t\t\t<p class=\"translation-block\">Wir zeigen Ihnen, wie Sie europ\u00e4ische Talente nutzen und bis zu 60\u201370 % bei der Personalbeschaffung, Verwaltung und im operativen Gesch\u00e4ft einsparen k\u00f6nnen.<\/p>\t\t\t\t\t\t\t\t<\/div>\n\t\t\t\t<\/div>\n\t\t\t\t<div class=\"elementor-element elementor-element-7ef92f43 elementor-align-center elementor-widget elementor-widget-button\" data-id=\"7ef92f43\" data-element_type=\"widget\" data-e-type=\"widget\" data-widget_type=\"button.default\">\n\t\t\t\t<div class=\"elementor-widget-container\">\n\t\t\t\t\t\t\t\t\t<div class=\"elementor-button-wrapper\">\n\t\t\t\t\t<a class=\"elementor-button elementor-button-link elementor-size-sm\" href=\"#elementor-action%3Aaction%3Dpopup%3Aopen%26settings%3DeyJpZCI6IjU1MDgiLCJ0b2dnbGUiOmZhbHNlfQ%3D%3D\">\n\t\t\t\t\t\t<span class=\"elementor-button-content-wrapper\">\n\t\t\t\t\t\t\t\t\t<span class=\"elementor-button-text\">E-Book herunterladen<\/span>\n\t\t\t\t\t<\/span>\n\t\t\t\t\t<\/a>\n\t\t\t\t<\/div>\n\t\t\t\t\t\t\t\t<\/div>\n\t\t\t\t<\/div>\n\t\t\t\t\t<\/div>\n\t\t<\/div>\n\t\t\t\t\t<\/div>\n\t\t<\/section>\n\t\t\t\t<section class=\"elementor-section elementor-top-section elementor-element elementor-element-3d25e2a1 elementor-section-content-middle elementor-section-boxed elementor-section-height-default elementor-section-height-default\" data-id=\"3d25e2a1\" data-element_type=\"section\" data-e-type=\"section\">\n\t\t\t\t\t\t<div class=\"elementor-container elementor-column-gap-default\">\n\t\t\t\t\t<div class=\"elementor-column elementor-col-50 elementor-top-column elementor-element elementor-element-6c40bb79\" data-id=\"6c40bb79\" data-element_type=\"column\" data-e-type=\"column\" data-settings=\"{&quot;background_background&quot;:&quot;gradient&quot;}\">\n\t\t\t<div class=\"elementor-widget-wrap elementor-element-populated\">\n\t\t\t\t\t\t<div class=\"elementor-element elementor-element-169cb953 elementor-widget elementor-widget-image\" data-id=\"169cb953\" data-element_type=\"widget\" data-e-type=\"widget\" data-widget_type=\"image.default\">\n\t\t\t\t<div class=\"elementor-widget-container\">\n\t\t\t\t\t\t\t\t\t\t\t\t\t\t\t<img fetchpriority=\"high\" decoding=\"async\" width=\"598\" height=\"461\" src=\"https:\/\/anchorzup.com\/wp-content\/uploads\/2024\/07\/FREE-e-Book.png\" class=\"attachment-full size-full wp-image-5277\" alt=\"Outsourcing eBook - Featured Image\" srcset=\"https:\/\/anchorzup.com\/wp-content\/uploads\/2024\/07\/FREE-e-Book.png 598w, https:\/\/anchorzup.com\/wp-content\/uploads\/2024\/07\/FREE-e-Book-300x231.png 300w\" sizes=\"(max-width: 598px) 100vw, 598px\" \/>\t\t\t\t\t\t\t\t\t\t\t\t\t\t\t<\/div>\n\t\t\t\t<\/div>\n\t\t\t\t\t<\/div>\n\t\t<\/div>\n\t\t\t\t<div class=\"elementor-column elementor-col-50 elementor-top-column elementor-element elementor-element-32cd4530\" data-id=\"32cd4530\" data-element_type=\"column\" data-e-type=\"column\">\n\t\t\t<div class=\"elementor-widget-wrap elementor-element-populated\">\n\t\t\t\t\t\t<div class=\"elementor-element elementor-element-5f1a7c87 elementor-widget elementor-widget-heading\" data-id=\"5f1a7c87\" data-element_type=\"widget\" data-e-type=\"widget\" data-widget_type=\"heading.default\">\n\t\t\t\t<div class=\"elementor-widget-container\">\n\t\t\t\t\t<h2 class=\"elementor-heading-title elementor-size-default\">Sie werden lernen<\/h2>\t\t\t\t<\/div>\n\t\t\t\t<\/div>\n\t\t\t\t<div class=\"elementor-element elementor-element-1f138a88 elementor-widget elementor-widget-text-editor\" data-id=\"1f138a88\" data-element_type=\"widget\" data-e-type=\"widget\" data-widget_type=\"text-editor.default\">\n\t\t\t\t<div class=\"elementor-widget-container\">\n\t\t\t\t\t\t\t\t\t<ul><li><p><span style=\"font-weight: 400;\">Praktische Einblicke f\u00fcr die Navigation durch die vielf\u00e4ltige Outsourcing-Landschaft des Kosovo.<\/span><\/p><\/li><li><p><span style=\"font-weight: 400;\">Bew\u00e4hrte Kenntnisse zur Identifizierung und Ansprache der besten Fachkr\u00e4fte im Kosovo.<\/span><\/p><\/li><li><p><span style=\"font-weight: 400;\">Erfahren Sie, wie Sie Ihre Unternehmensziele mit den einzigartigen Outsourcing-Vorteilen des Kosovo in Einklang bringen k\u00f6nnen.<\/span><\/p><\/li><li><p><span style=\"font-weight: 400;\">Datenbasierte Belege f\u00fcr das Bestreben des Kosovo, neue Technologien zu nutzen.<\/span><\/p><\/li><li><p><span style=\"font-weight: 400;\">Die Bedeutung einer Internetdurchdringung von 98,7 % f\u00fcr die Positionierung des Kosovo als f\u00fchrender digitaler Outsourcing-Standort.<\/span><\/p><\/li><\/ul>\t\t\t\t\t\t\t\t<\/div>\n\t\t\t\t<\/div>\n\t\t\t\t\t<\/div>\n\t\t<\/div>\n\t\t\t\t\t<\/div>\n\t\t<\/section>\n\t\t\t\t<section class=\"elementor-section elementor-top-section elementor-element elementor-element-41d53756 elementor-section-boxed elementor-section-height-default elementor-section-height-default\" data-id=\"41d53756\" data-element_type=\"section\" data-e-type=\"section\">\n\t\t\t\t\t\t<div class=\"elementor-container elementor-column-gap-default\">\n\t\t\t\t\t<div class=\"elementor-column elementor-col-50 elementor-top-column elementor-element elementor-element-2707f602\" data-id=\"2707f602\" data-element_type=\"column\" data-e-type=\"column\" data-settings=\"{&quot;background_background&quot;:&quot;classic&quot;}\">\n\t\t\t<div class=\"elementor-widget-wrap elementor-element-populated\">\n\t\t\t\t\t\t<div class=\"elementor-element elementor-element-2a3cc17e elementor-widget elementor-widget-text-editor\" data-id=\"2a3cc17e\" data-element_type=\"widget\" data-e-type=\"widget\" data-widget_type=\"text-editor.default\">\n\t\t\t\t<div class=\"elementor-widget-container\">\n\t\t\t\t\t\t\t\t\t<p><em>\u201eAnchorzUp hat sich stets f\u00fcr das einzigartige Outsourcing-Potenzial des Kosovo eingesetzt. Dieses E-Book bietet einen fundierten Einblick in die vielf\u00e4ltigen Talente unseres Landes und sein herausragendes Outsourcing-Potenzial und zeigt, wie Technologie im gro\u00dfen Outsourcing-Kontext einen echten Unterschied macht.\u201c<\/em><\/p>\t\t\t\t\t\t\t\t<\/div>\n\t\t\t\t<\/div>\n\t\t\t\t<div class=\"elementor-element elementor-element-e32a3bd elementor-widget elementor-widget-heading\" data-id=\"e32a3bd\" data-element_type=\"widget\" data-e-type=\"widget\" data-widget_type=\"heading.default\">\n\t\t\t\t<div class=\"elementor-widget-container\">\n\t\t\t\t\t<h2 class=\"elementor-heading-title elementor-size-default\">- Jeta Zagragja, Gr\u00fcnder und CEO von AnchorzUp.<\/h2>\t\t\t\t<\/div>\n\t\t\t\t<\/div>\n\t\t\t\t\t<\/div>\n\t\t<\/div>\n\t\t\t\t<div class=\"elementor-column elementor-col-50 elementor-top-column elementor-element elementor-element-c8e5cc8\" data-id=\"c8e5cc8\" data-element_type=\"column\" data-e-type=\"column\" data-settings=\"{&quot;background_background&quot;:&quot;classic&quot;}\">\n\t\t\t<div class=\"elementor-widget-wrap elementor-element-populated\">\n\t\t\t\t\t\t<div class=\"elementor-element elementor-element-7e7569fd elementor-hidden-mobile elementor-widget elementor-widget-image\" data-id=\"7e7569fd\" data-element_type=\"widget\" data-e-type=\"widget\" data-widget_type=\"image.default\">\n\t\t\t\t<div class=\"elementor-widget-container\">\n\t\t\t\t\t\t\t\t\t\t\t\t\t\t\t<img decoding=\"async\" width=\"505\" height=\"693\" src=\"https:\/\/anchorzup.com\/wp-content\/uploads\/2024\/08\/image-70.png\" class=\"attachment-large size-large wp-image-5514\" alt=\"Jeta Zagragja\" srcset=\"https:\/\/anchorzup.com\/wp-content\/uploads\/2024\/08\/image-70.png 505w, https:\/\/anchorzup.com\/wp-content\/uploads\/2024\/08\/image-70-219x300.png 219w\" sizes=\"(max-width: 505px) 100vw, 505px\" \/>\t\t\t\t\t\t\t\t\t\t\t\t\t\t\t<\/div>\n\t\t\t\t<\/div>\n\t\t\t\t\t<\/div>\n\t\t<\/div>\n\t\t\t\t\t<\/div>\n\t\t<\/section>\n\t\t\t\t<section class=\"elementor-section elementor-top-section elementor-element elementor-element-49c8def2 elementor-section-boxed elementor-section-height-default elementor-section-height-default\" data-id=\"49c8def2\" data-element_type=\"section\" data-e-type=\"section\">\n\t\t\t\t\t\t<div class=\"elementor-container elementor-column-gap-default\">\n\t\t\t\t\t<div class=\"elementor-column elementor-col-100 elementor-top-column elementor-element elementor-element-5d096f60\" data-id=\"5d096f60\" data-element_type=\"column\" data-e-type=\"column\">\n\t\t\t<div class=\"elementor-widget-wrap elementor-element-populated\">\n\t\t\t\t\t\t<div class=\"elementor-element elementor-element-4cb3da6f elementor-widget__width-inherit elementor-widget-tablet__width-inherit elementor-widget elementor-widget-heading\" data-id=\"4cb3da6f\" data-element_type=\"widget\" data-e-type=\"widget\" data-widget_type=\"heading.default\">\n\t\t\t\t<div class=\"elementor-widget-container\">\n\t\t\t\t\t<h2 class=\"elementor-heading-title elementor-size-default\">Ihre Reise zum Outsourcing-Erfolg im Kosovo beginnt hier.<\/h2>\t\t\t\t<\/div>\n\t\t\t\t<\/div>\n\t\t\t\t<div class=\"elementor-element elementor-element-18c27a54 elementor-widget elementor-widget-text-editor\" data-id=\"18c27a54\" data-element_type=\"widget\" data-e-type=\"widget\" data-widget_type=\"text-editor.default\">\n\t\t\t\t<div class=\"elementor-widget-container\">\n\t\t\t\t\t\t\t\t\t<p>Laden Sie noch heute Ihr kostenloses E-Book herunter und erfahren Sie, wie Sie kosteng\u00fcnstige europ\u00e4ische Fachkr\u00e4fte f\u00fcr Ihr Unternehmenswachstum nutzen k\u00f6nnen.<\/p>\t\t\t\t\t\t\t\t<\/div>\n\t\t\t\t<\/div>\n\t\t\t\t<div class=\"elementor-element elementor-element-68e2bb06 elementor-align-center elementor-widget elementor-widget-button\" data-id=\"68e2bb06\" data-element_type=\"widget\" data-e-type=\"widget\" data-widget_type=\"button.default\">\n\t\t\t\t<div class=\"elementor-widget-container\">\n\t\t\t\t\t\t\t\t\t<div class=\"elementor-button-wrapper\">\n\t\t\t\t\t<a class=\"elementor-button elementor-button-link elementor-size-sm\" href=\"#elementor-action%3Aaction%3Dpopup%3Aopen%26settings%3DeyJpZCI6IjU1MDgiLCJ0b2dnbGUiOmZhbHNlfQ%3D%3D\">\n\t\t\t\t\t\t<span class=\"elementor-button-content-wrapper\">\n\t\t\t\t\t\t\t\t\t<span class=\"elementor-button-text\">E-Book herunterladen<\/span>\n\t\t\t\t\t<\/span>\n\t\t\t\t\t<\/a>\n\t\t\t\t<\/div>\n\t\t\t\t\t\t\t\t<\/div>\n\t\t\t\t<\/div>\n\t\t\t\t\t<\/div>\n\t\t<\/div>\n\t\t\t\t\t<\/div>\n\t\t<\/section>\n\t\t\t\t<\/div>","protected":false},"excerpt":{"rendered":"<p>The Advantages of Outsourcing to Kosovo We\u2019ll show you how to leverage European talent and save up to 60-70% in recruitment, management, and operations. Download eBook You&#8217;ll learn: Practical insight for navigating Kosovo&#8217;s rich outsourcing landscape. Proven insight to identify and engage with Kosovo&#8217;s top-tier professionals. Insights on aligning your business goals with Kosovo&#8217;s unique [&hellip;]<\/p>\n","protected":false},"author":3,"featured_media":5606,"parent":0,"menu_order":0,"comment_status":"closed","ping_status":"closed","template":"","meta":{"content-type":"","footnotes":""},"class_list":["post-5509","page","type-page","status-publish","has-post-thumbnail","hentry"],"_links":{"self":[{"href":"https:\/\/anchorzup.com\/de\/wp-json\/wp\/v2\/pages\/5509","targetHints":{"allow":["GET"]}}],"collection":[{"href":"https:\/\/anchorzup.com\/de\/wp-json\/wp\/v2\/pages"}],"about":[{"href":"https:\/\/anchorzup.com\/de\/wp-json\/wp\/v2\/types\/page"}],"author":[{"embeddable":true,"href":"https:\/\/anchorzup.com\/de\/wp-json\/wp\/v2\/users\/3"}],"replies":[{"embeddable":true,"href":"https:\/\/anchorzup.com\/de\/wp-json\/wp\/v2\/comments?post=5509"}],"version-history":[{"count":0,"href":"https:\/\/anchorzup.com\/de\/wp-json\/wp\/v2\/pages\/5509\/revisions"}],"wp:featuredmedia":[{"embeddable":true,"href":"https:\/\/anchorzup.com\/de\/wp-json\/wp\/v2\/media\/5606"}],"wp:attachment":[{"href":"https:\/\/anchorzup.com\/de\/wp-json\/wp\/v2\/media?parent=5509"}],"curies":[{"name":"wp","href":"https:\/\/api.w.org\/{rel}","templated":true}]}}